{"id":663,"date":"2024-01-22T09:30:54","date_gmt":"2024-01-22T09:30:54","guid":{"rendered":"http:\/\/pvsmart.eu\/?page_id=663"},"modified":"2024-01-26T16:04:22","modified_gmt":"2024-01-26T16:04:22","slug":"termeni-si-conditii","status":"publish","type":"page","link":"https:\/\/pvsmart.eu\/ro\/termeni-si-conditii\/","title":{"rendered":"Termeni \u0219i condi\u021bii"},"content":{"rendered":"\n<ol class=\"wp-block-list\">\n<li>PREZENTARE \u0218I DEFINI\u021aII<\/li>\n<\/ol>\n\n\n\n<p>Site-ul www.pvsmart.eu este de\u021binut de Advanced Robotics Industries SRL, o companie \u00eenregistrat\u0103 \u00een Rom\u00e2nia care comercializeaz\u0103 \u0219i implementeaz\u0103 sisteme de generare a energiei solare.<\/p>\n\n\n\n<p>Sediul social este \u00een Rom\u00e2nia, Advanced Robotics Industries SRL, Sectorul 4, Spl. Unirii 160 C, Bucure\u0219ti, UID: ROONRC.J40\/14356\/2023, CUI: 41214621, cunoscut\u0103 prin prezenta drept titular al site-ului sau al companiei.<\/p>\n\n\n\n<p>Site-ul www.pvsmart.eu prezint\u0103 compania noastr\u0103 \u0219i activitatea acesteia, precum \u0219i serviciile noastre.<\/p>\n\n\n\n<p>Utilizator este orice persoan\u0103 care acceseaz\u0103 site-ul www.pvsmart.eu, care se oblig\u0103 implicit s\u0103 respecte acest set de reguli, fiind r\u0103spunz\u0103toare pentru ac\u021biunile sale pe site. Pentru a accesa site-ul \u0219i sec\u021biunile de prezentare, nu este nevoie s\u0103 v\u0103 \u00eenregistra\u021bi.<\/p>\n\n\n\n<ol class=\"wp-block-list\" start=\"2\">\n<li>OBLIGA\u021aIILE UTILIZATORULUI. PROPRIETATE INTELECTUAL\u0102<\/li>\n<\/ol>\n\n\n\n<p>Utilizarea site-ului se va efectua cu respectarea principiului bunei credin\u021be, pentru a ob\u021bine informa\u021bii despre companie \u0219i despre serviciul furnizat de aceasta.<\/p>\n\n\n\n<p>Toate prezent\u0103rile, crea\u021biile grafice, logo-urile \u0219i simbolurile asociate \u0219i combina\u021biile acestora cu orice cuv\u00e2nt sau simbol grafic, fotografiile, materialele audio-video, con\u021binutul utilizat pe acest site, sunt proprietatea Advanced Robotics Industries SRL sau a companiei dob\u00e2ndite dreptul de utilizare a acestora. . Excep\u021bie fac doar informa\u021biile \u0219i elementele grafice \u00eenregistrate de utilizatori, precum \u0219i semnele grafice apar\u021bin\u00e2nd altor entit\u0103\u021bi.<\/p>\n\n\n\n<p>Niciun utilizator al site-ului nu poate prelua con\u021binutul site-ului, nu poate interveni, modifica sau \u0219terge con\u021binutul acestuia (text, imagini, logo-uri etc.). Orice \u00eenc\u0103lcare a acestei reguli reprezint\u0103 o \u00eenc\u0103lcare a dreptului de autor, a m\u0103rcii comerciale sau a oric\u0103rui alt drept de proprietate intelectual\u0103.<\/p>\n\n\n\n<p>Copierea, multiplicarea, distribuirea, arhivarea sau stocarea, prin orice mijloace, a materialelor existente realizate \u00een scopuri comerciale nu sunt permise.<\/p>\n\n\n\n<p>\u00cen cazul \u00een care exist\u0103 sec\u021biuni \u00een site \u00een care utilizatorii pot introduce comentarii, mesaje sau pot exprima opinii personale, imagini sau alte elemente care sunt susceptibile de a fi protejate prin drepturi de proprietate intelectual\u0103, r\u0103spunderea pentru con\u021binut revine exclusiv utilizatorilor \u00een cauz\u0103.<\/p>\n\n\n\n<ol class=\"wp-block-list\" start=\"3\">\n<li>MODIFIC\u0102RI ALE SITE-ULUI<\/li>\n<\/ol>\n\n\n\n<p>De\u021bin\u0103torul site-ului \u00ee\u0219i rezerv\u0103 dreptul de a modifica sau \u00eentrerupe, temporar sau definitiv, func\u021bionarea acestuia sau serviciile puse la dispozi\u021bie (\u00een totalitate sau par\u021bial). \u00cen acest caz, titularul nu va fi r\u0103spunz\u0103tor pentru nicio modificare, suspendare sau \u00eentrerupere a accesului la site.<\/p>\n\n\n\n<ol class=\"wp-block-list\" start=\"4\">\n<li>R\u0102SPUNDERE<\/li>\n<\/ol>\n\n\n\n<p>Utilizatorul declara in mod expres ca accepta urmatoarele conditii:<\/p>\n\n\n\n<ol class=\"wp-block-list\">\n<li>Utilizarea si accesul site-ului se face pe propria raspundere.<\/li>\n\n\n\n<li>De\u021bin\u0103torul site-ului nu ofer\u0103 nicio garan\u021bie c\u0103:<\/li>\n<\/ol>\n\n\n\n<p>Serviciile \u00eendeplinesc toate cerin\u021bele utilizatorilor;<\/p>\n\n\n\n<p>Serviciile vor fi ne\u00eentrerupte, \u00een timp util, sigure sau f\u0103r\u0103 erori;<\/p>\n\n\n\n<p>Erorile de program vor fi corectate.<\/p>\n\n\n\n<ol class=\"wp-block-list\" start=\"5\">\n<li>LIMITE DE R\u0102SPUNDERE<\/li>\n<\/ol>\n\n\n\n<p>Utilizatorul accept\u0103 \u00een mod expres c\u0103 administratorii site-ului nu vor fi r\u0103spunz\u0103tori pentru nicio daune sau daune directe, indirecte, incidentale, speciale, inclusiv, dar f\u0103r\u0103 a se limita la pierderi de profit, posibilitatea de utilizare, date sau alte pierderi intangibile sau incomensurabile rezultate din:<\/p>\n\n\n\n<p>Utilizarea sau incapacitatea de a utiliza www.pvsmart.eu;<\/p>\n\n\n\n<p>Accesul neautorizat la sau deteriorarea transmisiilor sau datelor utilizatorului;<\/p>\n\n\n\n<p>Declara\u021bii sau ac\u021biuni ale unui ter\u021b pe site;<\/p>\n\n\n\n<p>Orice alt\u0103 problem\u0103 legat\u0103 de serviciile site-ului.<\/p>\n\n\n\n<ol class=\"wp-block-list\" start=\"6\">\n<li>NOTIFICARI SI COMUNICARI<\/li>\n<\/ol>\n\n\n\n<p>De\u021bin\u0103torii site-ului pot transmite notific\u0103ri cu privire la modificarea condi\u021biilor de utilizare sau alte probleme prin afi\u0219area de mementouri c\u0103tre utilizatori \u00een general, pe site.<\/p>\n\n\n\n<ol class=\"wp-block-list\" start=\"7\">\n<li>LEGEA APLICABIL\u0102<\/li>\n<\/ol>\n\n\n\n<p>Advanced Robotics Industries SRL nu ofer\u0103 garan\u021bia c\u0103 con\u021binutul acestui site este supus legilor (inclusiv proprietatea intelectual\u0103) c\u0103tre alte \u021b\u0103ri din afara Rom\u00e2niei. Daca utilizatorul acceseaza acest site din afara Romaniei, o face pe propriul risc si este singurul responsabil cu respectarea legilor tarii in care se afla.<\/p>\n\n\n\n<ol class=\"wp-block-list\" start=\"8\">\n<li>CLAUZE FINALE<\/li>\n<\/ol>\n\n\n\n<p>Termenii \u0219i condi\u021biile reglementeaz\u0103 accesul utilizatorilor la site-ul www.pvsmart.eu. Dac\u0103, dup\u0103 lansarea site-ului, vor fi implementate servicii suplimentare, aceste servicii vor fi supuse acelora\u0219i reguli \u0219i<\/p>\n","protected":false},"excerpt":{"rendered":"<p>Site-ul www.pvsmart.eu este de\u021binut de Advanced Robotics Industries SRL, o companie \u00eenregistrat\u0103 \u00een Rom\u00e2nia care comercializeaz\u0103 \u0219i implementeaz\u0103 sisteme de generare a energiei solare. Sediul social este \u00een Rom\u00e2nia, Advanced Robotics Industries SRL, Sectorul 4, Spl. Unirii 160 C, Bucure\u0219ti, UID: ROONRC.J40\/14356\/2023, CUI: 41214621, cunoscut\u0103 prin prezenta drept titular al site-ului sau al companiei. Site-ul [&hellip;]<\/p>\n","protected":false},"author":1,"featured_media":0,"parent":0,"menu_order":0,"comment_status":"closed","ping_status":"closed","template":"","meta":{"footnotes":""},"class_list":["post-663","page","type-page","status-publish","hentry"],"yoast_head":"<!-- This site is optimized with the Yoast SEO plugin v23.3 - https:\/\/yoast.com\/wordpress\/plugins\/seo\/ -->\n<title>Termeni \u0219i condi\u021bii - PV\ud83d\uddf2SMART<\/title>\n<meta name=\"robots\" content=\"index, follow, max-snippet:-1, max-image-preview:large, max-video-preview:-1\" \/>\n<link rel=\"canonical\" href=\"https:\/\/pvsmart.eu\/ro\/termeni-si-conditii\/\" \/>\n<meta property=\"og:locale\" content=\"ro_RO\" \/>\n<meta property=\"og:type\" content=\"article\" \/>\n<meta property=\"og:title\" content=\"Termeni \u0219i condi\u021bii - PV\ud83d\uddf2SMART\" \/>\n<meta property=\"og:description\" content=\"Site-ul www.pvsmart.eu este de\u021binut de Advanced Robotics Industries SRL, o companie \u00eenregistrat\u0103 \u00een Rom\u00e2nia care comercializeaz\u0103 \u0219i implementeaz\u0103 sisteme de generare a energiei solare. Sediul social este \u00een Rom\u00e2nia, Advanced Robotics Industries SRL, Sectorul 4, Spl. Unirii 160 C, Bucure\u0219ti, UID: ROONRC.J40\/14356\/2023, CUI: 41214621, cunoscut\u0103 prin prezenta drept titular al site-ului sau al companiei. Site-ul [&hellip;]\" \/>\n<meta property=\"og:url\" content=\"https:\/\/pvsmart.eu\/ro\/termeni-si-conditii\/\" \/>\n<meta property=\"og:site_name\" content=\"PV\ud83d\uddf2SMART\" \/>\n<meta property=\"article:modified_time\" content=\"2024-01-26T16:04:22+00:00\" \/>\n<meta name=\"twitter:card\" content=\"summary_large_image\" \/>\n<meta name=\"twitter:label1\" content=\"Timp estimat pentru citire\" \/>\n\t<meta name=\"twitter:data1\" content=\"3 minute\" \/>\n<script type=\"application\/ld+json\" class=\"yoast-schema-graph\">{\"@context\":\"https:\/\/schema.org\",\"@graph\":[{\"@type\":\"WebPage\",\"@id\":\"https:\/\/pvsmart.eu\/ro\/termeni-si-conditii\/\",\"url\":\"https:\/\/pvsmart.eu\/ro\/termeni-si-conditii\/\",\"name\":\"Termeni \u0219i condi\u021bii - PV\ud83d\uddf2SMART\",\"isPartOf\":{\"@id\":\"https:\/\/pvsmart.eu\/#website\"},\"datePublished\":\"2024-01-22T09:30:54+00:00\",\"dateModified\":\"2024-01-26T16:04:22+00:00\",\"breadcrumb\":{\"@id\":\"https:\/\/pvsmart.eu\/ro\/termeni-si-conditii\/#breadcrumb\"},\"inLanguage\":\"ro-RO\",\"potentialAction\":[{\"@type\":\"ReadAction\",\"target\":[\"https:\/\/pvsmart.eu\/ro\/termeni-si-conditii\/\"]}]},{\"@type\":\"BreadcrumbList\",\"@id\":\"https:\/\/pvsmart.eu\/ro\/termeni-si-conditii\/#breadcrumb\",\"itemListElement\":[{\"@type\":\"ListItem\",\"position\":1,\"name\":\"Home\",\"item\":\"https:\/\/pvsmart.eu\/ro\/\"},{\"@type\":\"ListItem\",\"position\":2,\"name\":\"Termeni \u0219i condi\u021bii\"}]},{\"@type\":\"WebSite\",\"@id\":\"https:\/\/pvsmart.eu\/#website\",\"url\":\"https:\/\/pvsmart.eu\/\",\"name\":\"PV\ud83d\uddf2SMART\",\"description\":\"Affordable clean energy - simplified\",\"publisher\":{\"@id\":\"https:\/\/pvsmart.eu\/#organization\"},\"potentialAction\":[{\"@type\":\"SearchAction\",\"target\":{\"@type\":\"EntryPoint\",\"urlTemplate\":\"https:\/\/pvsmart.eu\/?s={search_term_string}\"},\"query-input\":\"required name=search_term_string\"}],\"inLanguage\":\"ro-RO\"},{\"@type\":\"Organization\",\"@id\":\"https:\/\/pvsmart.eu\/#organization\",\"name\":\"PV\ud83d\uddf2SMART\",\"url\":\"https:\/\/pvsmart.eu\/\",\"logo\":{\"@type\":\"ImageObject\",\"inLanguage\":\"ro-RO\",\"@id\":\"https:\/\/pvsmart.eu\/#\/schema\/logo\/image\/\",\"url\":\"http:\/\/pvsmart.eu\/wp-content\/uploads\/2024\/01\/logo-pv-smart-dark.png\",\"contentUrl\":\"http:\/\/pvsmart.eu\/wp-content\/uploads\/2024\/01\/logo-pv-smart-dark.png\",\"width\":3046,\"height\":742,\"caption\":\"PV\ud83d\uddf2SMART\"},\"image\":{\"@id\":\"https:\/\/pvsmart.eu\/#\/schema\/logo\/image\/\"}}]}<\/script>\n<!-- \/ Yoast SEO plugin. -->","yoast_head_json":{"title":"Termeni \u0219i condi\u021bii - PV\ud83d\uddf2SMART","robots":{"index":"index","follow":"follow","max-snippet":"max-snippet:-1","max-image-preview":"max-image-preview:large","max-video-preview":"max-video-preview:-1"},"canonical":"https:\/\/pvsmart.eu\/ro\/termeni-si-conditii\/","og_locale":"ro_RO","og_type":"article","og_title":"Termeni \u0219i condi\u021bii - PV\ud83d\uddf2SMART","og_description":"Site-ul www.pvsmart.eu este de\u021binut de Advanced Robotics Industries SRL, o companie \u00eenregistrat\u0103 \u00een Rom\u00e2nia care comercializeaz\u0103 \u0219i implementeaz\u0103 sisteme de generare a energiei solare. Sediul social este \u00een Rom\u00e2nia, Advanced Robotics Industries SRL, Sectorul 4, Spl. Unirii 160 C, Bucure\u0219ti, UID: ROONRC.J40\/14356\/2023, CUI: 41214621, cunoscut\u0103 prin prezenta drept titular al site-ului sau al companiei. Site-ul [&hellip;]","og_url":"https:\/\/pvsmart.eu\/ro\/termeni-si-conditii\/","og_site_name":"PV\ud83d\uddf2SMART","article_modified_time":"2024-01-26T16:04:22+00:00","twitter_card":"summary_large_image","twitter_misc":{"Timp estimat pentru citire":"3 minute"},"schema":{"@context":"https:\/\/schema.org","@graph":[{"@type":"WebPage","@id":"https:\/\/pvsmart.eu\/ro\/termeni-si-conditii\/","url":"https:\/\/pvsmart.eu\/ro\/termeni-si-conditii\/","name":"Termeni \u0219i condi\u021bii - PV\ud83d\uddf2SMART","isPartOf":{"@id":"https:\/\/pvsmart.eu\/#website"},"datePublished":"2024-01-22T09:30:54+00:00","dateModified":"2024-01-26T16:04:22+00:00","breadcrumb":{"@id":"https:\/\/pvsmart.eu\/ro\/termeni-si-conditii\/#breadcrumb"},"inLanguage":"ro-RO","potentialAction":[{"@type":"ReadAction","target":["https:\/\/pvsmart.eu\/ro\/termeni-si-conditii\/"]}]},{"@type":"BreadcrumbList","@id":"https:\/\/pvsmart.eu\/ro\/termeni-si-conditii\/#breadcrumb","itemListElement":[{"@type":"ListItem","position":1,"name":"Home","item":"https:\/\/pvsmart.eu\/ro\/"},{"@type":"ListItem","position":2,"name":"Termeni \u0219i condi\u021bii"}]},{"@type":"WebSite","@id":"https:\/\/pvsmart.eu\/#website","url":"https:\/\/pvsmart.eu\/","name":"PV\ud83d\uddf2SMART","description":"Affordable clean energy - simplified","publisher":{"@id":"https:\/\/pvsmart.eu\/#organization"},"potentialAction":[{"@type":"SearchAction","target":{"@type":"EntryPoint","urlTemplate":"https:\/\/pvsmart.eu\/?s={search_term_string}"},"query-input":"required name=search_term_string"}],"inLanguage":"ro-RO"},{"@type":"Organization","@id":"https:\/\/pvsmart.eu\/#organization","name":"PV\ud83d\uddf2SMART","url":"https:\/\/pvsmart.eu\/","logo":{"@type":"ImageObject","inLanguage":"ro-RO","@id":"https:\/\/pvsmart.eu\/#\/schema\/logo\/image\/","url":"http:\/\/pvsmart.eu\/wp-content\/uploads\/2024\/01\/logo-pv-smart-dark.png","contentUrl":"http:\/\/pvsmart.eu\/wp-content\/uploads\/2024\/01\/logo-pv-smart-dark.png","width":3046,"height":742,"caption":"PV\ud83d\uddf2SMART"},"image":{"@id":"https:\/\/pvsmart.eu\/#\/schema\/logo\/image\/"}}]}},"_links":{"self":[{"href":"https:\/\/pvsmart.eu\/ro\/wp-json\/wp\/v2\/pages\/663","targetHints":{"allow":["GET"]}}],"collection":[{"href":"https:\/\/pvsmart.eu\/ro\/wp-json\/wp\/v2\/pages"}],"about":[{"href":"https:\/\/pvsmart.eu\/ro\/wp-json\/wp\/v2\/types\/page"}],"author":[{"embeddable":true,"href":"https:\/\/pvsmart.eu\/ro\/wp-json\/wp\/v2\/users\/1"}],"replies":[{"embeddable":true,"href":"https:\/\/pvsmart.eu\/ro\/wp-json\/wp\/v2\/comments?post=663"}],"version-history":[{"count":1,"href":"https:\/\/pvsmart.eu\/ro\/wp-json\/wp\/v2\/pages\/663\/revisions"}],"predecessor-version":[{"id":664,"href":"https:\/\/pvsmart.eu\/ro\/wp-json\/wp\/v2\/pages\/663\/revisions\/664"}],"wp:attachment":[{"href":"https:\/\/pvsmart.eu\/ro\/wp-json\/wp\/v2\/media?parent=663"}],"curies":[{"name":"wp","href":"https:\/\/api.w.org\/{rel}","templated":true}]}}