{"id":661,"date":"2024-01-03T16:39:43","date_gmt":"2024-01-03T16:39:43","guid":{"rendered":"http:\/\/pvsmart.eu\/?page_id=661"},"modified":"2024-01-26T16:03:20","modified_gmt":"2024-01-26T16:03:20","slug":"politica-de-confidentialitate","status":"publish","type":"page","link":"https:\/\/pvsmart.eu\/ro\/politica-de-confidentialitate\/","title":{"rendered":"Politica de confiden\u021bialitate"},"content":{"rendered":"\n<ol class=\"wp-block-list\">\n<li>Cine suntem<\/li>\n<\/ol>\n\n\n\n<p>Advanced Robotics Industries SRL este o companie \u00eenregistrat\u0103 \u00een Rom\u00e2nia care comercializeaz\u0103 \u0219i implementeaz\u0103 sisteme de generare a energiei solare.<\/p>\n\n\n\n<ol class=\"wp-block-list\" start=\"2\">\n<li>Ce date personale proces\u0103m<\/li>\n<\/ol>\n\n\n\n<p>Advanced Robotics Industries SRL este operator de date cu caracter personal. Colect\u0103m urm\u0103toarele tipuri de date cu caracter personal de la dvs.:<\/p>\n\n\n\n<p>Numele \u0219i prenumele<\/p>\n\n\n\n<p>E-mail<\/p>\n\n\n\n<p>Mesaj<\/p>\n\n\n\n<p>Activitate online<\/p>\n\n\n\n<ol class=\"wp-block-list\" start=\"3\">\n<li>De ce avem nevoie de ele<\/li>\n<\/ol>\n\n\n\n<p>Avem nevoie de datele dumneavoastr\u0103 personale pentru a v\u0103 oferi urm\u0103toarele servicii:<\/p>\n\n\n\n<p>R\u0103spunde la mesajele pe care le primim de la tine pe site-ul nostru, folosind interesul nostru legitim de a-\u021bi oferi un r\u0103spuns util<\/p>\n\n\n\n<p>Nume \u0219i Prenume \u2013 avem nevoie de aceste date pentru a comunica cu dumneavoastr\u0103<\/p>\n\n\n\n<p>E-mail \u2013 folosim adresa ta de e-mail pentru a comunica cu tine.<\/p>\n\n\n\n<p>Mesaj \u2013 pentru a putea r\u0103spunde solicit\u0103rilor dumneavoastr\u0103<\/p>\n\n\n\n<p>De asemenea, cu acordul dumneavoastr\u0103, dorim s\u0103 facem urm\u0103toarea prelucrare a datelor cu caracter personal:<\/p>\n\n\n\n<p>Comportament online<\/p>\n\n\n\n<p>\u25cf&nbsp;&nbsp;&nbsp;&nbsp;&nbsp;&nbsp;Istoricul de navigare \u2013 \u00cemp\u0103rt\u0103\u0219im aceste informa\u021bii cu partenerii no\u0219tri descri\u0219i \u00een politica noastr\u0103 privind cookie-urile, astfel \u00eenc\u00e2t s\u0103 v\u0103 putem livra oferte personalizate. Mai multe informa\u021bii g\u0103si\u021bi \u00een pagina noastr\u0103 de cookie-uri la www.pvsmart.eu<\/p>\n\n\n\n<ol class=\"wp-block-list\" start=\"4\">\n<li>Ce facem cu ei<\/li>\n<\/ol>\n\n\n\n<p>Datele dumneavoastr\u0103 personale sunt prelucrate \u00een cadrul companiei Advanced Robotics Industries SRL cu sediul \u00een Rom\u00e2nia.<\/p>\n\n\n\n<p>Datele dumneavoastr\u0103 personale pentru istoricul de navigare sunt transmise partenerilor no\u0219tri descri\u0219i \u00een politica de cookie-uri, care ac\u021bioneaz\u0103 \u00een calitate de controlori comune.<\/p>\n\n\n\n<ol class=\"wp-block-list\" start=\"5\">\n<li>C\u00e2t timp p\u0103str\u0103m datele personale<\/li>\n<\/ol>\n\n\n\n<p>Datele dumneavoastr\u0103 personale din mesajele dumneavoastr\u0103 vor fi p\u0103strate timp de trei ani \u00een interesul legitim al Advanced Robotics Industries SRL de a analiza modul \u00een care s-a r\u0103spuns solicit\u0103rilor dumneavoastr\u0103, \u00een cazul \u00een care nu exist\u0103 nicio rela\u021bie comercial\u0103 sau de marketing cu Advanced Robotics Industries SRL. Dup\u0103 trei ani datele vor fi \u0219terse.<\/p>\n\n\n\n<p>Datele personale din activitatea dumneavoastr\u0103 online vor fi \u0219terse de c\u0103tre partenerii descri\u0219i \u00een Politica de cookie-uri dup\u0103 expirarea termenelor de p\u0103strare prezentate \u00een politic\u0103.<\/p>\n\n\n\n<ol class=\"wp-block-list\" start=\"6\">\n<li><strong>Care sunt drepturile tale?<\/strong><\/li>\n<\/ol>\n\n\n\n<p>Dac\u0103 ave\u021bi motive s\u0103 crede\u021bi c\u0103 orice date cu caracter personal pe care le avem despre dvs. sunt incorecte sau incomplete, ave\u021bi dreptul de a cere s\u0103 v\u0103 vede\u021bi datele personale, s\u0103 le corecta\u021bi, s\u0103 solicita\u021bi s\u0103 fie \u0219terse, s\u0103 solicita\u021bi restric\u021bionarea prelucr\u0103rii sau s\u0103 v\u0103 opune\u021bi la prelucrare. De asemenea, ave\u021bi dreptul la portabilitatea datelor. Pentru exercitarea acestor drepturi v\u0103 rug\u0103m s\u0103 ne contacta\u021bi la info@pvsmart.eu<\/p>\n\n\n\n<p>Dac\u0103 dori\u021bi s\u0103 depune\u021bi o pl\u00e2ngere cu privire la modul \u00een care prelucr\u0103m datele dumneavoastr\u0103 cu caracter personal, v\u0103 rug\u0103m s\u0103 ne contacta\u021bi la info@pvsmart.eu V\u0103 vom contacta pentru a rezolva problema ridicat\u0103.<\/p>\n\n\n\n<p>De asemenea, pute\u021bi contacta Autoritatea Na\u021bional\u0103 de Supraveghere<\/p>\n","protected":false},"excerpt":{"rendered":"<p>Advanced Robotics Industries SRL este o companie \u00eenregistrat\u0103 \u00een Rom\u00e2nia care comercializeaz\u0103 \u0219i implementeaz\u0103 sisteme de generare a energiei solare. Advanced Robotics Industries SRL este operator de date cu caracter personal. Colect\u0103m urm\u0103toarele tipuri de date cu caracter personal de la dvs.: Numele \u0219i prenumele E-mail Mesaj Activitate online Avem nevoie de datele dumneavoastr\u0103 personale [&hellip;]<\/p>\n","protected":false},"author":1,"featured_media":0,"parent":0,"menu_order":0,"comment_status":"closed","ping_status":"open","template":"","meta":{"footnotes":""},"class_list":["post-661","page","type-page","status-publish","hentry"],"yoast_head":"<!-- This site is optimized with the Yoast SEO plugin v23.3 - https:\/\/yoast.com\/wordpress\/plugins\/seo\/ -->\n<title>Politica de confiden\u021bialitate - PV\ud83d\uddf2SMART<\/title>\n<meta name=\"robots\" content=\"index, follow, max-snippet:-1, max-image-preview:large, max-video-preview:-1\" \/>\n<link rel=\"canonical\" href=\"https:\/\/pvsmart.eu\/ro\/politica-de-confidentialitate\/\" \/>\n<meta property=\"og:locale\" content=\"ro_RO\" \/>\n<meta property=\"og:type\" content=\"article\" \/>\n<meta property=\"og:title\" content=\"Politica de confiden\u021bialitate - PV\ud83d\uddf2SMART\" \/>\n<meta property=\"og:description\" content=\"Advanced Robotics Industries SRL este o companie \u00eenregistrat\u0103 \u00een Rom\u00e2nia care comercializeaz\u0103 \u0219i implementeaz\u0103 sisteme de generare a energiei solare. Advanced Robotics Industries SRL este operator de date cu caracter personal. Colect\u0103m urm\u0103toarele tipuri de date cu caracter personal de la dvs.: Numele \u0219i prenumele E-mail Mesaj Activitate online Avem nevoie de datele dumneavoastr\u0103 personale [&hellip;]\" \/>\n<meta property=\"og:url\" content=\"https:\/\/pvsmart.eu\/ro\/politica-de-confidentialitate\/\" \/>\n<meta property=\"og:site_name\" content=\"PV\ud83d\uddf2SMART\" \/>\n<meta property=\"article:modified_time\" content=\"2024-01-26T16:03:20+00:00\" \/>\n<meta name=\"twitter:card\" content=\"summary_large_image\" \/>\n<meta name=\"twitter:label1\" content=\"Timp estimat pentru citire\" \/>\n\t<meta name=\"twitter:data1\" content=\"2 minute\" \/>\n<script type=\"application\/ld+json\" class=\"yoast-schema-graph\">{\"@context\":\"https:\/\/schema.org\",\"@graph\":[{\"@type\":\"WebPage\",\"@id\":\"https:\/\/pvsmart.eu\/ro\/politica-de-confidentialitate\/\",\"url\":\"https:\/\/pvsmart.eu\/ro\/politica-de-confidentialitate\/\",\"name\":\"Politica de confiden\u021bialitate - PV\ud83d\uddf2SMART\",\"isPartOf\":{\"@id\":\"https:\/\/pvsmart.eu\/#website\"},\"datePublished\":\"2024-01-03T16:39:43+00:00\",\"dateModified\":\"2024-01-26T16:03:20+00:00\",\"breadcrumb\":{\"@id\":\"https:\/\/pvsmart.eu\/ro\/politica-de-confidentialitate\/#breadcrumb\"},\"inLanguage\":\"ro-RO\",\"potentialAction\":[{\"@type\":\"ReadAction\",\"target\":[\"https:\/\/pvsmart.eu\/ro\/politica-de-confidentialitate\/\"]}]},{\"@type\":\"BreadcrumbList\",\"@id\":\"https:\/\/pvsmart.eu\/ro\/politica-de-confidentialitate\/#breadcrumb\",\"itemListElement\":[{\"@type\":\"ListItem\",\"position\":1,\"name\":\"Home\",\"item\":\"https:\/\/pvsmart.eu\/ro\/\"},{\"@type\":\"ListItem\",\"position\":2,\"name\":\"Politica de confiden\u021bialitate\"}]},{\"@type\":\"WebSite\",\"@id\":\"https:\/\/pvsmart.eu\/#website\",\"url\":\"https:\/\/pvsmart.eu\/\",\"name\":\"PV\ud83d\uddf2SMART\",\"description\":\"Affordable clean energy - simplified\",\"publisher\":{\"@id\":\"https:\/\/pvsmart.eu\/#organization\"},\"potentialAction\":[{\"@type\":\"SearchAction\",\"target\":{\"@type\":\"EntryPoint\",\"urlTemplate\":\"https:\/\/pvsmart.eu\/?s={search_term_string}\"},\"query-input\":\"required name=search_term_string\"}],\"inLanguage\":\"ro-RO\"},{\"@type\":\"Organization\",\"@id\":\"https:\/\/pvsmart.eu\/#organization\",\"name\":\"PV\ud83d\uddf2SMART\",\"url\":\"https:\/\/pvsmart.eu\/\",\"logo\":{\"@type\":\"ImageObject\",\"inLanguage\":\"ro-RO\",\"@id\":\"https:\/\/pvsmart.eu\/#\/schema\/logo\/image\/\",\"url\":\"http:\/\/pvsmart.eu\/wp-content\/uploads\/2024\/01\/logo-pv-smart-dark.png\",\"contentUrl\":\"http:\/\/pvsmart.eu\/wp-content\/uploads\/2024\/01\/logo-pv-smart-dark.png\",\"width\":3046,\"height\":742,\"caption\":\"PV\ud83d\uddf2SMART\"},\"image\":{\"@id\":\"https:\/\/pvsmart.eu\/#\/schema\/logo\/image\/\"}}]}<\/script>\n<!-- \/ Yoast SEO plugin. -->","yoast_head_json":{"title":"Politica de confiden\u021bialitate - PV\ud83d\uddf2SMART","robots":{"index":"index","follow":"follow","max-snippet":"max-snippet:-1","max-image-preview":"max-image-preview:large","max-video-preview":"max-video-preview:-1"},"canonical":"https:\/\/pvsmart.eu\/ro\/politica-de-confidentialitate\/","og_locale":"ro_RO","og_type":"article","og_title":"Politica de confiden\u021bialitate - PV\ud83d\uddf2SMART","og_description":"Advanced Robotics Industries SRL este o companie \u00eenregistrat\u0103 \u00een Rom\u00e2nia care comercializeaz\u0103 \u0219i implementeaz\u0103 sisteme de generare a energiei solare. Advanced Robotics Industries SRL este operator de date cu caracter personal. Colect\u0103m urm\u0103toarele tipuri de date cu caracter personal de la dvs.: Numele \u0219i prenumele E-mail Mesaj Activitate online Avem nevoie de datele dumneavoastr\u0103 personale [&hellip;]","og_url":"https:\/\/pvsmart.eu\/ro\/politica-de-confidentialitate\/","og_site_name":"PV\ud83d\uddf2SMART","article_modified_time":"2024-01-26T16:03:20+00:00","twitter_card":"summary_large_image","twitter_misc":{"Timp estimat pentru citire":"2 minute"},"schema":{"@context":"https:\/\/schema.org","@graph":[{"@type":"WebPage","@id":"https:\/\/pvsmart.eu\/ro\/politica-de-confidentialitate\/","url":"https:\/\/pvsmart.eu\/ro\/politica-de-confidentialitate\/","name":"Politica de confiden\u021bialitate - PV\ud83d\uddf2SMART","isPartOf":{"@id":"https:\/\/pvsmart.eu\/#website"},"datePublished":"2024-01-03T16:39:43+00:00","dateModified":"2024-01-26T16:03:20+00:00","breadcrumb":{"@id":"https:\/\/pvsmart.eu\/ro\/politica-de-confidentialitate\/#breadcrumb"},"inLanguage":"ro-RO","potentialAction":[{"@type":"ReadAction","target":["https:\/\/pvsmart.eu\/ro\/politica-de-confidentialitate\/"]}]},{"@type":"BreadcrumbList","@id":"https:\/\/pvsmart.eu\/ro\/politica-de-confidentialitate\/#breadcrumb","itemListElement":[{"@type":"ListItem","position":1,"name":"Home","item":"https:\/\/pvsmart.eu\/ro\/"},{"@type":"ListItem","position":2,"name":"Politica de confiden\u021bialitate"}]},{"@type":"WebSite","@id":"https:\/\/pvsmart.eu\/#website","url":"https:\/\/pvsmart.eu\/","name":"PV\ud83d\uddf2SMART","description":"Affordable clean energy - simplified","publisher":{"@id":"https:\/\/pvsmart.eu\/#organization"},"potentialAction":[{"@type":"SearchAction","target":{"@type":"EntryPoint","urlTemplate":"https:\/\/pvsmart.eu\/?s={search_term_string}"},"query-input":"required name=search_term_string"}],"inLanguage":"ro-RO"},{"@type":"Organization","@id":"https:\/\/pvsmart.eu\/#organization","name":"PV\ud83d\uddf2SMART","url":"https:\/\/pvsmart.eu\/","logo":{"@type":"ImageObject","inLanguage":"ro-RO","@id":"https:\/\/pvsmart.eu\/#\/schema\/logo\/image\/","url":"http:\/\/pvsmart.eu\/wp-content\/uploads\/2024\/01\/logo-pv-smart-dark.png","contentUrl":"http:\/\/pvsmart.eu\/wp-content\/uploads\/2024\/01\/logo-pv-smart-dark.png","width":3046,"height":742,"caption":"PV\ud83d\uddf2SMART"},"image":{"@id":"https:\/\/pvsmart.eu\/#\/schema\/logo\/image\/"}}]}},"_links":{"self":[{"href":"https:\/\/pvsmart.eu\/ro\/wp-json\/wp\/v2\/pages\/661","targetHints":{"allow":["GET"]}}],"collection":[{"href":"https:\/\/pvsmart.eu\/ro\/wp-json\/wp\/v2\/pages"}],"about":[{"href":"https:\/\/pvsmart.eu\/ro\/wp-json\/wp\/v2\/types\/page"}],"author":[{"embeddable":true,"href":"https:\/\/pvsmart.eu\/ro\/wp-json\/wp\/v2\/users\/1"}],"replies":[{"embeddable":true,"href":"https:\/\/pvsmart.eu\/ro\/wp-json\/wp\/v2\/comments?post=661"}],"version-history":[{"count":1,"href":"https:\/\/pvsmart.eu\/ro\/wp-json\/wp\/v2\/pages\/661\/revisions"}],"predecessor-version":[{"id":662,"href":"https:\/\/pvsmart.eu\/ro\/wp-json\/wp\/v2\/pages\/661\/revisions\/662"}],"wp:attachment":[{"href":"https:\/\/pvsmart.eu\/ro\/wp-json\/wp\/v2\/media?parent=661"}],"curies":[{"name":"wp","href":"https:\/\/api.w.org\/{rel}","templated":true}]}}