{"id":659,"date":"2024-01-22T09:27:50","date_gmt":"2024-01-22T09:27:50","guid":{"rendered":"http:\/\/pvsmart.eu\/?page_id=659"},"modified":"2024-01-26T16:01:24","modified_gmt":"2024-01-26T16:01:24","slug":"politica-privind-cookie-urile","status":"publish","type":"page","link":"https:\/\/pvsmart.eu\/ro\/politica-privind-cookie-urile\/","title":{"rendered":"Politica privind cookie-urile"},"content":{"rendered":"\n<p>Un modul cookie este un fi\u0219ier text pe care un site \u00eel trimite browserului dvs. pentru a-l stoca pe dispozitivul dvs. Acest lucru se face pentru a re\u021bine informa\u021bii despre dumneavoastr\u0103: informa\u021bii de conectare, preferin\u021be lingvistice etc. Aceste cookie-uri sunt setate de noi \u0219i se numesc cookie-uri de prim\u0103 parte. Advanced Robotics Industries SRL utilizeaz\u0103, de asemenea, cookie-uri de la ter\u021be p\u0103r\u021bi pentru eforturi de marketing.<\/p>\n\n\n\n<p>\u00cen mod specific, folosim cookie-uri \u0219i alte tehnologii de urm\u0103rire \u00een urm\u0103toarele scopuri:<\/p>\n\n\n\n<p>Pentru a v\u0103 ajuta s\u0103 naviga\u021bi pe site-ul nostru;<\/p>\n\n\n\n<p>Pentru a v\u0103 asista \u00een cazul \u00een care ave\u021bi nevoie de asisten\u021b\u0103 online;<\/p>\n\n\n\n<p>Pentru a analiza modul \u00een care explora\u021bi produsele \u0219i serviciile noastre;<\/p>\n\n\n\n<p>Pentru asisten\u021b\u0103 \u00een cadrul eforturilor noastre de marketing, inclusiv publicitate comportamental\u0103;<\/p>\n\n\n\n<p>Mai jos este o list\u0103 detaliat\u0103 a modulelor cookie pe care le folosim pe site-ul nostru web. Site-ul nostru web este scanat cu ajutorul instrumentului nostru de scanare a modulelor cookie \u00een mod regulat pentru a p\u0103stra o list\u0103 c\u00e2t mai precis\u0103 posibil. Clasific\u0103m cookie-urile \u00een urm\u0103toarele categorii:<\/p>\n\n\n\n<p>Cookie-uri necesare<\/p>\n\n\n\n<p>Cookie-uri de marketing<\/p>\n\n\n\n<p>Cookie-uri necesare<\/p>\n\n\n\n<p>Aceste cookie-uri v\u0103 ajut\u0103 s\u0103 utiliza\u021bi site-ul nostru web, permi\u021b\u00e2nd func\u021bii de baz\u0103, cum ar fi navigarea \u00een pagin\u0103 \u0219i accesul la zonele securizate ale site-ului. Site-ul web nu poate func\u021biona corespunz\u0103tor f\u0103r\u0103 aceste cookie-uri<\/p>\n\n\n\n<p>Cookie-uri de marketing<\/p>\n\n\n\n<p>Cookie-urile de marketing sunt utilizate pentru a urm\u0103ri vizitatorii site-urilor. Scopul este de a afi\u0219a reclame relevante \u0219i captivante pentru utilizatorii individuali \u0219i, prin urmare, de a fi mai valoroase pentru editorii \u0219i agen\u021bii de publicitate ter\u021bi.<\/p>\n\n\n\n<p>Pute\u021bi vedea o list\u0103 a tuturor cookie-urilor utilizate pe site \u00een instrumentul de consim\u021b\u0103m\u00e2nt privind cookie-urile de pe site.<\/p>\n","protected":false},"excerpt":{"rendered":"<p>Un modul cookie este un fi\u0219ier text pe care un site \u00eel trimite browserului dvs. pentru a-l stoca pe dispozitivul dvs. Acest lucru se face pentru a re\u021bine informa\u021bii despre dumneavoastr\u0103: informa\u021bii de conectare, preferin\u021be lingvistice etc. Aceste cookie-uri sunt setate de noi \u0219i se numesc cookie-uri de prim\u0103 parte. Advanced Robotics Industries SRL utilizeaz\u0103, [&hellip;]<\/p>\n","protected":false},"author":1,"featured_media":0,"parent":0,"menu_order":0,"comment_status":"closed","ping_status":"closed","template":"","meta":{"footnotes":""},"class_list":["post-659","page","type-page","status-publish","hentry"],"yoast_head":"<!-- This site is optimized with the Yoast SEO plugin v23.3 - https:\/\/yoast.com\/wordpress\/plugins\/seo\/ -->\n<title>Politica privind cookie-urile - PV\ud83d\uddf2SMART<\/title>\n<meta name=\"robots\" content=\"index, follow, max-snippet:-1, max-image-preview:large, max-video-preview:-1\" \/>\n<link rel=\"canonical\" href=\"https:\/\/pvsmart.eu\/ro\/politica-privind-cookie-urile\/\" \/>\n<meta property=\"og:locale\" content=\"ro_RO\" \/>\n<meta property=\"og:type\" content=\"article\" \/>\n<meta property=\"og:title\" content=\"Politica privind cookie-urile - PV\ud83d\uddf2SMART\" \/>\n<meta property=\"og:description\" content=\"Un modul cookie este un fi\u0219ier text pe care un site \u00eel trimite browserului dvs. pentru a-l stoca pe dispozitivul dvs. Acest lucru se face pentru a re\u021bine informa\u021bii despre dumneavoastr\u0103: informa\u021bii de conectare, preferin\u021be lingvistice etc. Aceste cookie-uri sunt setate de noi \u0219i se numesc cookie-uri de prim\u0103 parte. Advanced Robotics Industries SRL utilizeaz\u0103, [&hellip;]\" \/>\n<meta property=\"og:url\" content=\"https:\/\/pvsmart.eu\/ro\/politica-privind-cookie-urile\/\" \/>\n<meta property=\"og:site_name\" content=\"PV\ud83d\uddf2SMART\" \/>\n<meta property=\"article:modified_time\" content=\"2024-01-26T16:01:24+00:00\" \/>\n<meta name=\"twitter:card\" content=\"summary_large_image\" \/>\n<meta name=\"twitter:label1\" content=\"Timp estimat pentru citire\" \/>\n\t<meta name=\"twitter:data1\" content=\"2 minute\" \/>\n<script type=\"application\/ld+json\" class=\"yoast-schema-graph\">{\"@context\":\"https:\/\/schema.org\",\"@graph\":[{\"@type\":\"WebPage\",\"@id\":\"https:\/\/pvsmart.eu\/ro\/politica-privind-cookie-urile\/\",\"url\":\"https:\/\/pvsmart.eu\/ro\/politica-privind-cookie-urile\/\",\"name\":\"Politica privind cookie-urile - PV\ud83d\uddf2SMART\",\"isPartOf\":{\"@id\":\"https:\/\/pvsmart.eu\/#website\"},\"datePublished\":\"2024-01-22T09:27:50+00:00\",\"dateModified\":\"2024-01-26T16:01:24+00:00\",\"breadcrumb\":{\"@id\":\"https:\/\/pvsmart.eu\/ro\/politica-privind-cookie-urile\/#breadcrumb\"},\"inLanguage\":\"ro-RO\",\"potentialAction\":[{\"@type\":\"ReadAction\",\"target\":[\"https:\/\/pvsmart.eu\/ro\/politica-privind-cookie-urile\/\"]}]},{\"@type\":\"BreadcrumbList\",\"@id\":\"https:\/\/pvsmart.eu\/ro\/politica-privind-cookie-urile\/#breadcrumb\",\"itemListElement\":[{\"@type\":\"ListItem\",\"position\":1,\"name\":\"Home\",\"item\":\"https:\/\/pvsmart.eu\/ro\/\"},{\"@type\":\"ListItem\",\"position\":2,\"name\":\"Politica privind cookie-urile\"}]},{\"@type\":\"WebSite\",\"@id\":\"https:\/\/pvsmart.eu\/#website\",\"url\":\"https:\/\/pvsmart.eu\/\",\"name\":\"PV\ud83d\uddf2SMART\",\"description\":\"Affordable clean energy - simplified\",\"publisher\":{\"@id\":\"https:\/\/pvsmart.eu\/#organization\"},\"potentialAction\":[{\"@type\":\"SearchAction\",\"target\":{\"@type\":\"EntryPoint\",\"urlTemplate\":\"https:\/\/pvsmart.eu\/?s={search_term_string}\"},\"query-input\":\"required name=search_term_string\"}],\"inLanguage\":\"ro-RO\"},{\"@type\":\"Organization\",\"@id\":\"https:\/\/pvsmart.eu\/#organization\",\"name\":\"PV\ud83d\uddf2SMART\",\"url\":\"https:\/\/pvsmart.eu\/\",\"logo\":{\"@type\":\"ImageObject\",\"inLanguage\":\"ro-RO\",\"@id\":\"https:\/\/pvsmart.eu\/#\/schema\/logo\/image\/\",\"url\":\"http:\/\/pvsmart.eu\/wp-content\/uploads\/2024\/01\/logo-pv-smart-dark.png\",\"contentUrl\":\"http:\/\/pvsmart.eu\/wp-content\/uploads\/2024\/01\/logo-pv-smart-dark.png\",\"width\":3046,\"height\":742,\"caption\":\"PV\ud83d\uddf2SMART\"},\"image\":{\"@id\":\"https:\/\/pvsmart.eu\/#\/schema\/logo\/image\/\"}}]}<\/script>\n<!-- \/ Yoast SEO plugin. -->","yoast_head_json":{"title":"Politica privind cookie-urile - PV\ud83d\uddf2SMART","robots":{"index":"index","follow":"follow","max-snippet":"max-snippet:-1","max-image-preview":"max-image-preview:large","max-video-preview":"max-video-preview:-1"},"canonical":"https:\/\/pvsmart.eu\/ro\/politica-privind-cookie-urile\/","og_locale":"ro_RO","og_type":"article","og_title":"Politica privind cookie-urile - PV\ud83d\uddf2SMART","og_description":"Un modul cookie este un fi\u0219ier text pe care un site \u00eel trimite browserului dvs. pentru a-l stoca pe dispozitivul dvs. Acest lucru se face pentru a re\u021bine informa\u021bii despre dumneavoastr\u0103: informa\u021bii de conectare, preferin\u021be lingvistice etc. Aceste cookie-uri sunt setate de noi \u0219i se numesc cookie-uri de prim\u0103 parte. Advanced Robotics Industries SRL utilizeaz\u0103, [&hellip;]","og_url":"https:\/\/pvsmart.eu\/ro\/politica-privind-cookie-urile\/","og_site_name":"PV\ud83d\uddf2SMART","article_modified_time":"2024-01-26T16:01:24+00:00","twitter_card":"summary_large_image","twitter_misc":{"Timp estimat pentru citire":"2 minute"},"schema":{"@context":"https:\/\/schema.org","@graph":[{"@type":"WebPage","@id":"https:\/\/pvsmart.eu\/ro\/politica-privind-cookie-urile\/","url":"https:\/\/pvsmart.eu\/ro\/politica-privind-cookie-urile\/","name":"Politica privind cookie-urile - PV\ud83d\uddf2SMART","isPartOf":{"@id":"https:\/\/pvsmart.eu\/#website"},"datePublished":"2024-01-22T09:27:50+00:00","dateModified":"2024-01-26T16:01:24+00:00","breadcrumb":{"@id":"https:\/\/pvsmart.eu\/ro\/politica-privind-cookie-urile\/#breadcrumb"},"inLanguage":"ro-RO","potentialAction":[{"@type":"ReadAction","target":["https:\/\/pvsmart.eu\/ro\/politica-privind-cookie-urile\/"]}]},{"@type":"BreadcrumbList","@id":"https:\/\/pvsmart.eu\/ro\/politica-privind-cookie-urile\/#breadcrumb","itemListElement":[{"@type":"ListItem","position":1,"name":"Home","item":"https:\/\/pvsmart.eu\/ro\/"},{"@type":"ListItem","position":2,"name":"Politica privind cookie-urile"}]},{"@type":"WebSite","@id":"https:\/\/pvsmart.eu\/#website","url":"https:\/\/pvsmart.eu\/","name":"PV\ud83d\uddf2SMART","description":"Affordable clean energy - simplified","publisher":{"@id":"https:\/\/pvsmart.eu\/#organization"},"potentialAction":[{"@type":"SearchAction","target":{"@type":"EntryPoint","urlTemplate":"https:\/\/pvsmart.eu\/?s={search_term_string}"},"query-input":"required name=search_term_string"}],"inLanguage":"ro-RO"},{"@type":"Organization","@id":"https:\/\/pvsmart.eu\/#organization","name":"PV\ud83d\uddf2SMART","url":"https:\/\/pvsmart.eu\/","logo":{"@type":"ImageObject","inLanguage":"ro-RO","@id":"https:\/\/pvsmart.eu\/#\/schema\/logo\/image\/","url":"http:\/\/pvsmart.eu\/wp-content\/uploads\/2024\/01\/logo-pv-smart-dark.png","contentUrl":"http:\/\/pvsmart.eu\/wp-content\/uploads\/2024\/01\/logo-pv-smart-dark.png","width":3046,"height":742,"caption":"PV\ud83d\uddf2SMART"},"image":{"@id":"https:\/\/pvsmart.eu\/#\/schema\/logo\/image\/"}}]}},"_links":{"self":[{"href":"https:\/\/pvsmart.eu\/ro\/wp-json\/wp\/v2\/pages\/659","targetHints":{"allow":["GET"]}}],"collection":[{"href":"https:\/\/pvsmart.eu\/ro\/wp-json\/wp\/v2\/pages"}],"about":[{"href":"https:\/\/pvsmart.eu\/ro\/wp-json\/wp\/v2\/types\/page"}],"author":[{"embeddable":true,"href":"https:\/\/pvsmart.eu\/ro\/wp-json\/wp\/v2\/users\/1"}],"replies":[{"embeddable":true,"href":"https:\/\/pvsmart.eu\/ro\/wp-json\/wp\/v2\/comments?post=659"}],"version-history":[{"count":1,"href":"https:\/\/pvsmart.eu\/ro\/wp-json\/wp\/v2\/pages\/659\/revisions"}],"predecessor-version":[{"id":660,"href":"https:\/\/pvsmart.eu\/ro\/wp-json\/wp\/v2\/pages\/659\/revisions\/660"}],"wp:attachment":[{"href":"https:\/\/pvsmart.eu\/ro\/wp-json\/wp\/v2\/media?parent=659"}],"curies":[{"name":"wp","href":"https:\/\/api.w.org\/{rel}","templated":true}]}}